{"id":408,"date":"2024-04-11T07:54:19","date_gmt":"2024-04-11T07:54:19","guid":{"rendered":"http:\/\/freie-wv-grosspoesna.de\/?page_id=408"},"modified":"2024-04-11T07:55:12","modified_gmt":"2024-04-11T07:55:12","slug":"datenschutz","status":"publish","type":"page","link":"https:\/\/freie-wv-grosspoesna.de\/?page_id=408","title":{"rendered":"Datenschutzerkl\u00e4rung"},"content":{"rendered":"\n<p><\/p>\n\n\n\n<ol class=\"wp-block-list\">\n<li>Datenschutz auf einen Blick<br>Allgemeine Hinweise<br>Die folgenden Hinweise geben einen einfachen \u00dcberblick daru\u0308ber, was mit Ihren personenbezogenen Daten<br>passiert, wenn Sie diese Website besuchen. Personenbezogene Daten sind alle Daten, mit denen Sie<br>pers\u00f6nlich identifiziert werden k\u00f6nnen. Ausfu\u0308hrliche Informationen zum Thema Datenschutz entnehmen<br>Sie unserer unter diesem Text aufgefu\u0308hrten Datenschutzerkl\u00e4rung.<br>Datenerfassung auf dieser Website<br>Wer ist verantwortlich fu\u0308r die Datenerfassung auf dieser Website?<br>Die Datenverarbeitung auf dieser Website erfolgt durch den Websitebetreiber. Dessen Kontaktdaten<br>k\u00f6nnen Sie dem Abschnitt \u201eHinweis zur Verantwortlichen Stelle\u201c in dieser Datenschutzerkl\u00e4rung entnehmen.<br>Wie erfassen wir Ihre Daten?<br>Ihre Daten werden zum einen dadurch erhoben, dass Sie uns diese mitteilen. Hierbei kann es sich z. B. um<br>Daten handeln, die Sie in ein Kontaktformular eingeben.<br>Andere Daten werden automatisch oder nach Ihrer Einwilligung beim Besuch der Website durch unsere ITSysteme<br>erfasst. Das sind vor allem technische Daten (z. B. Internetbrowser, Betriebssystem oder Uhrzeit<br>des Seitenaufrufs). Die Erfassung dieser Daten erfolgt automatisch, sobald Sie diese Website betreten.<br>Wofu\u0308r nutzen wir Ihre Daten?<br>Ein Teil der Daten wird erhoben, um eine fehlerfreie Bereitstellung der Website zu gew\u00e4hrleisten. Andere<br>Daten k\u00f6nnen zur Analyse Ihres Nutzerverhaltens verwendet werden.<br><br><\/li>\n\n\n\n<li>Welche Rechte haben Sie bezu\u0308glich Ihrer Daten?<\/li>\n\n\n\n<li>Sie haben jederzeit das Recht, unentgeltlich Auskunft u\u0308ber Herkunft, Empf\u00e4nger und Zweck Ihrer<\/li>\n\n\n\n<li>gespeicherten personenbezogenen Daten zu erhalten. Sie haben au\u00dferdem ein Recht, die Berichtigung oder<\/li>\n\n\n\n<li>L\u00f6schung dieser Daten zu verlangen. Wenn Sie eine Einwilligung zur Datenverarbeitung erteilt haben,<\/li>\n\n\n\n<li>k\u00f6nnen Sie diese Einwilligung jederzeit fu\u0308r die Zukunft widerrufen. Au\u00dferdem haben Sie das Recht, unter<\/li>\n\n\n\n<li>bestimmten Umst\u00e4nden die Einschr\u00e4nkung der Verarbeitung Ihrer personenbezogenen Daten zu verlangen.<\/li>\n\n\n\n<li>Des Weiteren steht Ihnen ein Beschwerderecht bei der zust\u00e4ndigen Aufsichtsbeh\u00f6rde zu.<\/li>\n\n\n\n<li>Hierzu sowie zu weiteren Fragen zum Thema Datenschutz k\u00f6nnen Sie sich jederzeit an uns wenden.<\/li>\n\n\n\n<li>Hosting<br>Wir hosten die Inhalte unserer Website bei folgendem Anbieter:<br>Strato<br>Anbieter ist die Strato AG, Otto-Ostrowski-Stra\u00dfe 7, 10249 Berlin (nachfolgend \u201eStrato\u201c). Wenn Sie unsere<br>Website besuchen, erfasst Strato verschiedene Logfiles inklusive Ihrer IP-Adressen.<br>Weitere Informationen entnehmen Sie der Datenschutzerkl\u00e4rung von Strato:<br>https:\/\/www.strato.de\/datenschutz\/.<br>Die Verwendung von Strato erfolgt auf Grundlage von Art. 6 Abs. 1 lit. f DSGVO. Wir haben ein berechtigtes<br>Interesse an einer m\u00f6glichst zuverl\u00e4ssigen Darstellung unserer Website. Sofern eine entsprechende<br>Einwilligung abgefragt wurde, erfolgt die Verarbeitung ausschlie\u00dflich auf Grundlage von Art. 6 Abs. 1 lit. a<br>DSGVO und \u00a7 25 Abs. 1 TTDSG, soweit die Einwilligung die Speicherung von Cookies oder den Zugriff auf<br>Informationen im Endger\u00e4t des Nutzers (z. B. Device-Fingerprinting) im Sinne des TTDSG umfasst. Die<br>Einwilligung ist jederzeit widerrufbar.<br>Auftragsverarbeitung<br>Wir haben einen Vertrag u\u0308ber Auftragsverarbeitung (AVV) zur Nutzung des oben genannten Dienstes<br>geschlossen. Hierbei handelt es sich um einen datenschutzrechtlich vorgeschriebenen Vertrag, der<br>gew\u00e4hrleistet, dass dieser die personenbezogenen Daten unserer Websitebesucher nur nach unseren<br>Weisungen und unter Einhaltung der DSGVO verarbeitet.<\/li>\n\n\n\n<li>Allgemeine Hinweise und Pflichtinformationen<br>Datenschutz<br>Die Betreiber dieser Seiten nehmen den Schutz Ihrer pers\u00f6nlichen Daten sehr ernst. Wir behandeln Ihre<br>personenbezogenen Daten vertraulich und entsprechend den gesetzlichen Datenschutzvorschriften sowie<br>dieser Datenschutzerkl\u00e4rung.<br>Wenn Sie diese Website benutzen, werden verschiedene personenbezogene Daten erhoben.<br>Personenbezogene Daten sind Daten, mit denen Sie pers\u00f6nlich identifiziert werden k\u00f6nnen. Die vorliegende<br>Datenschutzerkl\u00e4rung erl\u00e4utert, welche Daten wir erheben und wofu\u0308r wir sie nutzen. Sie erl\u00e4utert auch, wie<br>und zu welchem Zweck das geschieht.<br>Wir weisen darauf hin, dass die Datenu\u0308bertragung im Internet (z. B. bei der Kommunikation per E-Mail)<br>Sicherheitslu\u0308cken aufweisen kann. Ein lu\u0308ckenloser Schutz der Daten vor dem Zugriff durch Dritte ist nicht<br>m\u00f6glich.<br><br>Hinweis zur verantwortlichen Stelle<br>Die verantwortliche Stelle fu\u0308r die Datenverarbeitung auf dieser Website ist:<br>Carsten Wilke<br>Magdeborner Weg 5<br>04663 Gro\u00dfp\u00f6sna<br>Telefon: [Telefonnummer der verantwortlichen Stelle]<br>E-Mail: info@freie-wv-grosspoesna.de<br>Verantwortliche Stelle ist die natu\u0308rliche oder juristische Person, die allein oder gemeinsam mit anderen u\u0308ber<br>die Zwecke und Mittel der Verarbeitung von personenbezogenen Daten (z. B. Namen, E-Mail-Adressen o. \u00c4.)<br>entscheidet.<br>Speicherdauer<br>Soweit innerhalb dieser Datenschutzerkl\u00e4rung keine speziellere Speicherdauer genannt wurde, verbleiben<br>Ihre personenbezogenen Daten bei uns, bis der Zweck fu\u0308r die Datenverarbeitung entf\u00e4llt. Wenn Sie ein<br>berechtigtes L\u00f6schersuchen geltend machen oder eine Einwilligung zur Datenverarbeitung widerrufen,<br>werden Ihre Daten gel\u00f6scht, sofern wir keine anderen rechtlich zul\u00e4ssigen Gru\u0308nde fu\u0308r die Speicherung Ihrer<br>personenbezogenen Daten haben (z. B. steuer- oder handelsrechtliche Aufbewahrungsfristen); im<br>letztgenannten Fall erfolgt die L\u00f6schung nach Fortfall dieser Gru\u0308nde.<br>Allgemeine Hinweise zu den Rechtsgrundlagen der Datenverarbeitung auf dieser<br>Website<br>Sofern Sie in die Datenverarbeitung eingewilligt haben, verarbeiten wir Ihre personenbezogenen Daten auf<br>Grundlage von Art. 6 Abs. 1 lit. a DSGVO bzw. Art. 9 Abs. 2 lit. a DSGVO, sofern besondere Datenkategorien<br>nach Art. 9 Abs. 1 DSGVO verarbeitet werden. Im Falle einer ausdru\u0308cklichen Einwilligung in die \u00dcbertragung<br>personenbezogener Daten in Drittstaaten erfolgt die Datenverarbeitung au\u00dferdem auf Grundlage von Art.<br>49 Abs. 1 lit. a DSGVO. Sofern Sie in die Speicherung von Cookies oder in den Zugriff auf Informationen in<br>Ihr Endger\u00e4t (z. B. via Device-Fingerprinting) eingewilligt haben, erfolgt die Datenverarbeitung zus\u00e4tzlich<br>auf Grundlage von \u00a7 25 Abs. 1 TTDSG. Die Einwilligung ist jederzeit widerrufbar. Sind Ihre Daten zur<br>Vertragserfu\u0308llung oder zur Durchfu\u0308hrung vorvertraglicher Ma\u00dfnahmen erforderlich, verarbeiten wir Ihre<br>Daten auf Grundlage des Art. 6 Abs. 1 lit. b DSGVO. Des Weiteren verarbeiten wir Ihre Daten, sofern diese<br>zur Erfu\u0308llung einer rechtlichen Verpflichtung erforderlich sind auf Grundlage von Art. 6 Abs. 1 lit. c DSGVO.<br>Die Datenverarbeitung kann ferner auf Grundlage unseres berechtigten Interesses nach Art. 6 Abs. 1 lit. f<br>DSGVO erfolgen. \u00dcber die jeweils im Einzelfall einschl\u00e4gigen Rechtsgrundlagen wird in den folgenden<br>Abs\u00e4tzen dieser Datenschutzerkl\u00e4rung informiert.<br>Empf\u00e4nger von personenbezogenen Daten<br>Im Rahmen unserer Gesch\u00e4ftst\u00e4tigkeit arbeiten wir mit verschiedenen externen Stellen zusammen. Dabei<br>ist teilweise auch eine \u00dcbermittlung von personenbezogenen Daten an diese externen Stellen erforderlich.<br>Wir geben personenbezogene Daten nur dann an externe Stellen weiter, wenn dies im Rahmen einer<br>Vertragserfu\u0308llung erforderlich ist, wenn wir gesetzlich hierzu verpflichtet sind (z. B. Weitergabe von Daten<br>an Steuerbeh\u00f6rden), wenn wir ein berechtigtes Interesse nach Art. 6 Abs. 1 lit. f DSGVO an der Weitergabe<br>haben oder wenn eine sonstige Rechtsgrundlage die Datenweitergabe erlaubt. Beim Einsatz von<br>Auftragsverarbeitern geben wir personenbezogene Daten unserer Kunden nur auf Grundlage eines gu\u0308ltigen<br>Vertrags u\u0308ber Auftragsverarbeitung weiter. Im Falle einer gemeinsamen Verarbeitung wird ein Vertrag u\u0308ber<br>gemeinsame Verarbeitung geschlossen.<br>Widerruf Ihrer Einwilligung zur Datenverarbeitung<br><br>Viele Datenverarbeitungsvorg\u00e4nge sind nur mit Ihrer ausdru\u0308cklichen Einwilligung m\u00f6glich. Sie k\u00f6nnen eine<br>bereits erteilte Einwilligung jederzeit widerrufen. Die Rechtm\u00e4\u00dfigkeit der bis zum Widerruf erfolgten<br>Datenverarbeitung bleibt vom Widerruf unberu\u0308hrt.<br>Widerspruchsrecht gegen die Datenerhebung in besonderen F\u00e4llen sowie gegen<br>Direktwerbung (Art. 21 DSGVO)<br>WENN DIE DATENVERARBEITUNG AUF GRUNDLAGE VON ART. 6 ABS. 1 LIT. E ODER F DSGVO<br>ERFOLGT, HABEN SIE JEDERZEIT DAS RECHT, AUS GR\u00dcNDEN, DIE SICH AUS IHRER BESONDEREN<br>SITUATION ERGEBEN, GEGEN DIE VERARBEITUNG IHRER PERSONENBEZOGENEN DATEN<br>WIDERSPRUCH EINZULEGEN; DIES GILT AUCH F\u00dcR EIN AUF DIESE BESTIMMUNGEN GEST\u00dcTZTES<br>PROFILING. DIE JEWEILIGE RECHTSGRUNDLAGE, AUF DENEN EINE VERARBEITUNG BERUHT,<br>ENTNEHMEN SIE DIESER DATENSCHUTZERKL\u00c4RUNG. WENN SIE WIDERSPRUCH EINLEGEN,<br>WERDEN WIR IHRE BETROFFENEN PERSONENBEZOGENEN DATEN NICHT MEHR VERARBEITEN, ES<br>SEI DENN, WIR K\u00d6NNEN ZWINGENDE SCHUTZW\u00dcRDIGE GR\u00dcNDE F\u00dcR DIE VERARBEITUNG<br>NACHWEISEN, DIE IHRE INTERESSEN, RECHTE UND FREIHEITEN \u00dcBERWIEGEN ODER DIE<br>VERARBEITUNG DIENT DER GELTENDMACHUNG, AUS\u00dcBUNG ODER VERTEIDIGUNG VON<br>RECHTSANSPR\u00dcCHEN (WIDERSPRUCH NACH ART. 21 ABS. 1 DSGVO).<br>WERDEN IHRE PERSONENBEZOGENEN DATEN VERARBEITET, UM DIREKTWERBUNG ZU BETREIBEN,<br>SO HABEN SIE DAS RECHT, JEDERZEIT WIDERSPRUCH GEGEN DIE VERARBEITUNG SIE<br>BETREFFENDER PERSONENBEZOGENER DATEN ZUM ZWECKE DERARTIGER WERBUNG<br>EINZULEGEN; DIES GILT AUCH F\u00dcR DAS PROFILING, SOWEIT ES MIT SOLCHER DIREKTWERBUNG IN<br>VERBINDUNG STEHT. WENN SIE WIDERSPRECHEN, WERDEN IHRE PERSONENBEZOGENEN DATEN<br>ANSCHLIESSEND NICHT MEHR ZUM ZWECKE DER DIREKTWERBUNG VERWENDET (WIDERSPRUCH<br>NACH ART. 21 ABS. 2 DSGVO).<br>Beschwerderecht bei der zust\u00e4ndigen Aufsichtsbeh\u00f6rde<br>Im Falle von Verst\u00f6\u00dfen gegen die DSGVO steht den Betroffenen ein Beschwerderecht bei einer<br>Aufsichtsbeh\u00f6rde, insbesondere in dem Mitgliedstaat ihres gew\u00f6hnlichen Aufenthalts, ihres Arbeitsplatzes<br>oder des Orts des mutma\u00dflichen Versto\u00dfes zu. Das Beschwerderecht besteht unbeschadet anderweitiger<br>verwaltungsrechtlicher oder gerichtlicher Rechtsbehelfe.<br>Recht auf Datenu\u0308bertragbarkeit<br>Sie haben das Recht, Daten, die wir auf Grundlage Ihrer Einwilligung oder in Erfu\u0308llung eines Vertrags<br>automatisiert verarbeiten, an sich oder an einen Dritten in einem g\u00e4ngigen, maschinenlesbaren Format<br>aush\u00e4ndigen zu lassen. Sofern Sie die direkte \u00dcbertragung der Daten an einen anderen Verantwortlichen<br>verlangen, erfolgt dies nur, soweit es technisch machbar ist.<br>Auskunft, Berichtigung und L\u00f6schung<br>Sie haben im Rahmen der geltenden gesetzlichen Bestimmungen jederzeit das Recht auf unentgeltliche<br>Auskunft u\u0308ber Ihre gespeicherten personenbezogenen Daten, deren Herkunft und Empf\u00e4nger und den<br>Zweck der Datenverarbeitung und ggf. ein Recht auf Berichtigung oder L\u00f6schung dieser Daten. Hierzu sowie<br>zu weiteren Fragen zum Thema personenbezogene Daten k\u00f6nnen Sie sich jederzeit an uns wenden.<br>Recht auf Einschr\u00e4nkung der Verarbeitung<br>Sie haben das Recht, die Einschr\u00e4nkung der Verarbeitung Ihrer personenbezogenen Daten zu verlangen.<br>Hierzu k\u00f6nnen Sie sich jederzeit an uns wenden. Das Recht auf Einschr\u00e4nkung der Verarbeitung besteht in<br>folgenden F\u00e4llen:<br><br>Wenn Sie die Richtigkeit Ihrer bei uns gespeicherten personenbezogenen Daten bestreiten, ben\u00f6tigen wir<br>in der Regel Zeit, um dies zu u\u0308berpru\u0308fen. Fu\u0308r die Dauer der Pru\u0308fung haben Sie das Recht, die<br>Einschr\u00e4nkung der Verarbeitung Ihrer personenbezogenen Daten zu verlangen.<br>Wenn die Verarbeitung Ihrer personenbezogenen Daten unrechtm\u00e4\u00dfig geschah\/geschieht, k\u00f6nnen Sie<br>statt der L\u00f6schung die Einschr\u00e4nkung der Datenverarbeitung verlangen.<br>Wenn wir Ihre personenbezogenen Daten nicht mehr ben\u00f6tigen, Sie sie jedoch zur Ausu\u0308bung,<br>Verteidigung oder Geltendmachung von Rechtsanspru\u0308chen ben\u00f6tigen, haben Sie das Recht, statt der<br>L\u00f6schung die Einschr\u00e4nkung der Verarbeitung Ihrer personenbezogenen Daten zu verlangen.<br>Wenn Sie einen Widerspruch nach Art. 21 Abs. 1 DSGVO eingelegt haben, muss eine Abw\u00e4gung zwischen<br>Ihren und unseren Interessen vorgenommen werden. Solange noch nicht feststeht, wessen Interessen<br>u\u0308berwiegen, haben Sie das Recht, die Einschr\u00e4nkung der Verarbeitung Ihrer personenbezogenen Daten<br>zu verlangen.<br>Wenn Sie die Verarbeitung Ihrer personenbezogenen Daten eingeschr\u00e4nkt haben, du\u0308rfen diese Daten \u2013 von<br>ihrer Speicherung abgesehen \u2013 nur mit Ihrer Einwilligung oder zur Geltendmachung, Ausu\u0308bung oder<br>Verteidigung von Rechtsanspru\u0308chen oder zum Schutz der Rechte einer anderen natu\u0308rlichen oder<br>juristischen Person oder aus Gru\u0308nden eines wichtigen \u00f6ffentlichen Interesses der Europ\u00e4ischen Union oder eines Mitgliedstaats verarbeitet werden.<br>SSL- bzw. TLS-Verschlu\u0308sselung<br>Diese Seite nutzt aus Sicherheitsgru\u0308nden und zum Schutz der \u00dcbertragung vertraulicher Inhalte, wie zum<br>Beispiel Bestellungen oder Anfragen, die Sie an uns als Seitenbetreiber senden, eine SSL- bzw. TLSVerschlu\u0308sselung.<br>Eine verschlu\u0308sselte Verbindung erkennen Sie daran, dass die Adresszeile des Browsers von<br>\u201ehttp:\/\/\u201c auf \u201ehttps:\/\/\u201c wechselt und an dem Schloss-Symbol in Ihrer Browserzeile.<br>Wenn die SSL- bzw. TLS-Verschlu\u0308sselung aktiviert ist, k\u00f6nnen die Daten, die Sie an uns u\u0308bermitteln, nicht<br>von Dritten mitgelesen werden.<br>Quelle:<br>https:\/\/www.e-recht24.de<\/li>\n<\/ol>\n\n\n\n<p><\/p>\n\n\n\n<p><\/p>\n","protected":false},"excerpt":{"rendered":"","protected":false},"author":1,"featured_media":0,"parent":0,"menu_order":0,"comment_status":"closed","ping_status":"closed","template":"","meta":{"footnotes":""},"class_list":["post-408","page","type-page","status-publish","hentry"],"_links":{"self":[{"href":"https:\/\/freie-wv-grosspoesna.de\/index.php?rest_route=\/wp\/v2\/pages\/408","targetHints":{"allow":["GET"]}}],"collection":[{"href":"https:\/\/freie-wv-grosspoesna.de\/index.php?rest_route=\/wp\/v2\/pages"}],"about":[{"href":"https:\/\/freie-wv-grosspoesna.de\/index.php?rest_route=\/wp\/v2\/types\/page"}],"author":[{"embeddable":true,"href":"https:\/\/freie-wv-grosspoesna.de\/index.php?rest_route=\/wp\/v2\/users\/1"}],"replies":[{"embeddable":true,"href":"https:\/\/freie-wv-grosspoesna.de\/index.php?rest_route=%2Fwp%2Fv2%2Fcomments&post=408"}],"version-history":[{"count":2,"href":"https:\/\/freie-wv-grosspoesna.de\/index.php?rest_route=\/wp\/v2\/pages\/408\/revisions"}],"predecessor-version":[{"id":411,"href":"https:\/\/freie-wv-grosspoesna.de\/index.php?rest_route=\/wp\/v2\/pages\/408\/revisions\/411"}],"wp:attachment":[{"href":"https:\/\/freie-wv-grosspoesna.de\/index.php?rest_route=%2Fwp%2Fv2%2Fmedia&parent=408"}],"curies":[{"name":"wp","href":"https:\/\/api.w.org\/{rel}","templated":true}]}}