{"id":346,"date":"2016-09-30T09:34:23","date_gmt":"2016-09-30T09:34:23","guid":{"rendered":"http:\/\/localhost\/flash-new\/?page_id=4"},"modified":"2024-04-15T10:08:37","modified_gmt":"2024-04-15T10:08:37","slug":"home","status":"publish","type":"page","link":"https:\/\/freie-wv-grosspoesna.de\/","title":{"rendered":"Home"},"content":{"rendered":"<div id=\"pl-346\"  class=\"panel-layout\" ><div id=\"pg-346-0\"  class=\"panel-grid panel-has-style\" ><div class=\"siteorigin-panels-stretch panel-row-style panel-row-style-for-346-0\" data-stretch-type=\"full-width-stretch\" ><div id=\"pgc-346-0-0\"  class=\"panel-grid-cell\" ><div id=\"panel-346-0-0-0\" class=\"so-panel widget widget_media_image panel-first-child panel-last-child\" data-index=\"0\" ><img loading=\"lazy\" decoding=\"async\" width=\"1280\" height=\"959\" src=\"https:\/\/freie-wv-grosspoesna.de\/wp-content\/uploads\/2024\/04\/Gemeinderat-Freie-Waehler.jpg\" class=\"image wp-image-383  attachment-full size-full\" alt=\"\" style=\"max-width: 100%; height: auto;\" srcset=\"https:\/\/freie-wv-grosspoesna.de\/wp-content\/uploads\/2024\/04\/Gemeinderat-Freie-Waehler.jpg 1280w, https:\/\/freie-wv-grosspoesna.de\/wp-content\/uploads\/2024\/04\/Gemeinderat-Freie-Waehler-300x225.jpg 300w, https:\/\/freie-wv-grosspoesna.de\/wp-content\/uploads\/2024\/04\/Gemeinderat-Freie-Waehler-1024x767.jpg 1024w, https:\/\/freie-wv-grosspoesna.de\/wp-content\/uploads\/2024\/04\/Gemeinderat-Freie-Waehler-768x575.jpg 768w\" sizes=\"auto, (max-width: 1280px) 100vw, 1280px\" \/><\/div><\/div><\/div><\/div><div id=\"pg-346-1\"  class=\"panel-grid panel-has-style\" ><div id=\"services\" class=\"panel-row-style panel-row-style-for-346-1\" ><div id=\"pgc-346-1-0\"  class=\"panel-grid-cell\" ><div id=\"panel-346-1-0-0\" class=\"so-panel widget widget_siteorigin-panels-builder panel-first-child\" data-index=\"1\" ><div class=\"panel-widget-style panel-widget-style-for-346-1-0-0\" ><div id=\"pl-w66179012588d8\"  class=\"panel-layout\" ><div id=\"pg-w66179012588d8-0\"  class=\"panel-grid panel-no-style\" ><div id=\"pgc-w66179012588d8-0-0\"  class=\"panel-grid-cell\" ><div id=\"panel-w66179012588d8-0-0-0\" class=\"so-panel widget widget_themegrill_flash_heading tg-widget section-title-wrapper panel-first-child panel-last-child\" data-index=\"0\" >\t<h3 class=\"section-title\">Willkommen bei der Freien W\u00e4hlervereinigung Gro\u00dfp\u00f6sna<\/h3>\n<\/div><\/div><\/div><\/div><\/div><\/div><div id=\"panel-346-1-0-1\" class=\"so-panel widget widget_text\" data-index=\"2\" ><h3 class=\"widget-title\">Vorstellung<\/h3>\t\t\t<div class=\"textwidget\"><p>Wir, die Freie W\u00e4hlervereinigung Gro\u00dfp\u00f6sna, m\u00f6chten als parteiunabh\u00e4ngige Vereinigung die Interessen unserer B\u00fcrgerrinnen und B\u00fcrger im Gemeinderat vertreten.<\/p>\n<p>Unsere Kandidaten kommen aus der Mitte\u00a0<span class=\"Apple-converted-space\">\u00a0<\/span>unserer Gesellschaft und sind innerhalb sowie au\u00dferhalb unserer Gemeinde gut vernetzt. Hierbei k\u00f6nnen wir, auf Grund langj\u00e4hriger Erfahrung durch Arbeit in Vereinen sowie im Ortschaftsrat, aber auch aus dem Berufsleben zur\u00fcckgreifen. Daher ist es uns m\u00f6glich eine b\u00fcrgernahe sachliche und vern\u00fcnftige Politik, im Interesse der Mitglieder unserer Gemeinde zu gestalten. Die Verbundenheit unserer Kandidaten mit\u00a0<span class=\"Apple-converted-space\">\u00a0<\/span>Gro\u00dfp\u00f6sna und seinen Ortsteilen gr\u00fcndet auf eine starke Verwurzelung, zum Teil \u00fcber mehrere Generationen.<\/p>\n<p>Frei bedeutet f\u00fcr uns, dass wir keiner parteiideologischen Verpflichtung folgen m\u00fcssen. Bei der Gestaltung unserer Gemeinde, sowie bei Entscheidungen sind wir lediglich dem W\u00e4hler und unserem Gewissen verpflichtet. Wir sind die politische Mitte, welche Ihre Mitb\u00fcrgerinnen und Mitb\u00fcrger motivieren m\u00f6chte, wieder aktiver an der Gestaltung unserer Gemeinde mitzuwirken. Bei Entscheidungen ist es wichtig, dass wir ein Meinungsbild unserer Gemeindemitglieder bekommen. Dies bedeutet mehr Mitbestimmung f\u00fcr Sie ganz im Sinne direkterer Demokratie.<\/p>\n<p>Damit uns dies gelingt bitten wir Sie, um Ihre 3 Stimmen zur Gemeinderatswahl am 09.06.2024.<\/p>\n<\/div>\n\t\t<\/div><div id=\"panel-346-1-0-2\" class=\"so-panel widget widget_siteorigin-panels-builder panel-last-child\" data-index=\"3\" ><div class=\"panel-widget-style panel-widget-style-for-346-1-0-2\" ><div id=\"pl-w661cfca5ce8b4\"  class=\"panel-layout\" ><div id=\"pg-w661cfca5ce8b4-0\"  class=\"panel-grid panel-no-style\" ><div id=\"pgc-w661cfca5ce8b4-0-0\"  class=\"panel-grid-cell\" ><div id=\"panel-w661cfca5ce8b4-0-0-0\" class=\"so-panel widget widget_themegrill_flash_heading tg-widget section-title-wrapper panel-first-child panel-last-child\" data-index=\"0\" >\t<h3 class=\"section-title\">Unsere Kandidaten<\/h3>\n<\/div><\/div><\/div><div id=\"pg-w661cfca5ce8b4-1\"  class=\"panel-grid panel-no-style\" ><div id=\"pgc-w661cfca5ce8b4-1-0\"  class=\"panel-grid-cell\" ><div id=\"panel-w661cfca5ce8b4-1-0-0\" class=\"so-panel widget widget_themegrill_flash_team tg-widget tg-single-team panel-first-child panel-last-child\" data-index=\"1\" ><div class=\"tg-team-widget tg-team-layout-2\">\n\t<div class=\"team-wrapper\">\n\t\t\t\t<div class=\"team-img\">\n\t\t\t\t\t\t<img decoding=\"async\" src=\"http:\/\/freie-wv-grosspoesna.de\/wp-content\/uploads\/2024\/04\/Christine-Hofmann.jpg\" alt=\"Christine Hofmann OT G\u00fcldengossa\"\/>\n\t\t<\/div>\n\t\t\t\t<div class=\"team-content-wrapper\">\n\t\t\t<div class=\"team-desc-wrapper\">\n\t\t\t\t<h3 class=\"team-title\">Christine Hofmann OT G\u00fcldengossa<\/h3>\n\t\t\t\t<div class=\"team-designation\"><\/div>\n\t\t\t\t<div class=\"team-content\">- 57 Jahre\n- verheiratet\n- 2 Kinder\n- Sparkassenkauffrau<\/div>\n\t\t\t\t\t\t\t<\/div>\n\t\t<\/div>\n\t<\/div>\n<\/div>\n<\/div><\/div><div id=\"pgc-w661cfca5ce8b4-1-1\"  class=\"panel-grid-cell\" ><div id=\"panel-w661cfca5ce8b4-1-1-0\" class=\"so-panel widget widget_themegrill_flash_team tg-widget tg-single-team panel-first-child panel-last-child\" data-index=\"2\" ><div class=\"tg-team-widget tg-team-layout-2\">\n\t<div class=\"team-wrapper\">\n\t\t\t\t<div class=\"team-img\">\n\t\t\t\t\t\t<img decoding=\"async\" src=\"http:\/\/freie-wv-grosspoesna.de\/wp-content\/uploads\/2024\/04\/Stephan-Gustmann.jpg\" alt=\"Stephan Gustmann OT Dreiskau Muckern\"\/>\n\t\t<\/div>\n\t\t\t\t<div class=\"team-content-wrapper\">\n\t\t\t<div class=\"team-desc-wrapper\">\n\t\t\t\t<h3 class=\"team-title\">Stephan Gustmann OT Dreiskau Muckern<\/h3>\n\t\t\t\t<div class=\"team-designation\"><\/div>\n\t\t\t\t<div class=\"team-content\">- 42 Jahre\n- Verheiratet\n- Beruf: Landwirt, Techniker f\u00fcr Landbau\/ Umwelt und Landschaft<\/div>\n\t\t\t\t\t\t\t<\/div>\n\t\t<\/div>\n\t<\/div>\n<\/div>\n<\/div><\/div><div id=\"pgc-w661cfca5ce8b4-1-2\"  class=\"panel-grid-cell\" ><div id=\"panel-w661cfca5ce8b4-1-2-0\" class=\"so-panel widget widget_themegrill_flash_team tg-widget tg-single-team panel-first-child panel-last-child\" data-index=\"3\" ><div class=\"tg-team-widget tg-team-layout-2\">\n\t<div class=\"team-wrapper\">\n\t\t\t\t<div class=\"team-img\">\n\t\t\t\t\t\t<img decoding=\"async\" src=\"http:\/\/freie-wv-grosspoesna.de\/wp-content\/uploads\/2024\/04\/Hendrik-Naumann.jpg\" alt=\"Hendrik Naumann OT St\u00f6rmthal\"\/>\n\t\t<\/div>\n\t\t\t\t<div class=\"team-content-wrapper\">\n\t\t\t<div class=\"team-desc-wrapper\">\n\t\t\t\t<h3 class=\"team-title\">Hendrik Naumann OT St\u00f6rmthal<\/h3>\n\t\t\t\t<div class=\"team-designation\"><\/div>\n\t\t\t\t<div class=\"team-content\">- 52 Jahre\n- Verheiratet und wohnhaft im OT St\u00f6rmthal\n- Vater von 2 Erwachsen Kindern\n- Beruf : Technischer Mitarbeiter in einem Veranstaltungsunternehmen<\/div>\n\t\t\t\t\t\t\t<\/div>\n\t\t<\/div>\n\t<\/div>\n<\/div>\n<\/div><\/div><div id=\"pgc-w661cfca5ce8b4-1-3\"  class=\"panel-grid-cell\" ><div id=\"panel-w661cfca5ce8b4-1-3-0\" class=\"so-panel widget widget_themegrill_flash_team tg-widget tg-single-team panel-first-child panel-last-child\" data-index=\"4\" ><div class=\"tg-team-widget tg-team-layout-2\">\n\t<div class=\"team-wrapper\">\n\t\t\t\t<div class=\"team-img\">\n\t\t\t\t\t\t<img decoding=\"async\" src=\"http:\/\/freie-wv-grosspoesna.de\/wp-content\/uploads\/2024\/04\/Carsten-Wilke.jpg\" alt=\"Carsten Wilke OT G\u00fcldengossa\"\/>\n\t\t<\/div>\n\t\t\t\t<div class=\"team-content-wrapper\">\n\t\t\t<div class=\"team-desc-wrapper\">\n\t\t\t\t<h3 class=\"team-title\">Carsten Wilke OT G\u00fcldengossa<\/h3>\n\t\t\t\t<div class=\"team-designation\"><\/div>\n\t\t\t\t<div class=\"team-content\">- 44 Jahre\n- verheiratet\n- selbst\u00e4ndig\n-3 Kinder<\/div>\n\t\t\t\t\t\t\t<\/div>\n\t\t<\/div>\n\t<\/div>\n<\/div>\n<\/div><\/div><\/div><div id=\"pg-w661cfca5ce8b4-2\"  class=\"panel-grid panel-no-style\" ><div id=\"pgc-w661cfca5ce8b4-2-0\"  class=\"panel-grid-cell\" ><div id=\"panel-w661cfca5ce8b4-2-0-0\" class=\"so-panel widget widget_themegrill_flash_team tg-widget tg-single-team panel-first-child panel-last-child\" data-index=\"5\" ><div class=\"tg-team-widget tg-team-layout-2\">\n\t<div class=\"team-wrapper\">\n\t\t\t\t<div class=\"team-img\">\n\t\t\t\t\t\t<img decoding=\"async\" src=\"http:\/\/freie-wv-grosspoesna.de\/wp-content\/uploads\/2024\/04\/Marko-Wolf.jpg\" alt=\"Marco Wolf OT St\u00f6rmthal\"\/>\n\t\t<\/div>\n\t\t\t\t<div class=\"team-content-wrapper\">\n\t\t\t<div class=\"team-desc-wrapper\">\n\t\t\t\t<h3 class=\"team-title\">Marco Wolf OT St\u00f6rmthal<\/h3>\n\t\t\t\t<div class=\"team-designation\"><\/div>\n\t\t\t\t<div class=\"team-content\">- 48 Jahre\n- Angestellter\n- 2 Kinder<\/div>\n\t\t\t\t\t\t\t<\/div>\n\t\t<\/div>\n\t<\/div>\n<\/div>\n<\/div><\/div><div id=\"pgc-w661cfca5ce8b4-2-1\"  class=\"panel-grid-cell\" ><div id=\"panel-w661cfca5ce8b4-2-1-0\" class=\"so-panel widget widget_themegrill_flash_team tg-widget tg-single-team panel-first-child panel-last-child\" data-index=\"6\" ><div class=\"tg-team-widget tg-team-layout-2\">\n\t<div class=\"team-wrapper\">\n\t\t\t\t<div class=\"team-img\">\n\t\t\t\t\t\t<img decoding=\"async\" src=\"http:\/\/freie-wv-grosspoesna.de\/wp-content\/uploads\/2024\/04\/Philip-Wollmerstedt.jpg\" alt=\"Philip Wollmerstedt OT G\u00fcldengossa\"\/>\n\t\t<\/div>\n\t\t\t\t<div class=\"team-content-wrapper\">\n\t\t\t<div class=\"team-desc-wrapper\">\n\t\t\t\t<h3 class=\"team-title\">Philip Wollmerstedt OT G\u00fcldengossa<\/h3>\n\t\t\t\t<div class=\"team-designation\"><\/div>\n\t\t\t\t<div class=\"team-content\">- 22 Jahre\n- Beruf: Fahrleitungsmonteur und Selbstst\u00e4ndig im Dienstleistungs- &amp; IT-Bereich\n- Wohnhaft in G\u00fcldengossa<\/div>\n\t\t\t\t\t\t\t<\/div>\n\t\t<\/div>\n\t<\/div>\n<\/div>\n<\/div><\/div><div id=\"pgc-w661cfca5ce8b4-2-2\"  class=\"panel-grid-cell\" ><div id=\"panel-w661cfca5ce8b4-2-2-0\" class=\"so-panel widget widget_themegrill_flash_team tg-widget tg-single-team panel-first-child panel-last-child\" data-index=\"7\" ><div class=\"tg-team-widget tg-team-layout-2\">\n\t<div class=\"team-wrapper\">\n\t\t\t\t<div class=\"team-img\">\n\t\t\t\t\t\t<img decoding=\"async\" src=\"http:\/\/freie-wv-grosspoesna.de\/wp-content\/uploads\/2024\/04\/Tino-Krenek.jpg\" alt=\"Tino Krenek Gro\u00dfp\u00f6sna\"\/>\n\t\t<\/div>\n\t\t\t\t<div class=\"team-content-wrapper\">\n\t\t\t<div class=\"team-desc-wrapper\">\n\t\t\t\t<h3 class=\"team-title\">Tino Krenek Gro\u00dfp\u00f6sna<\/h3>\n\t\t\t\t<div class=\"team-designation\"><\/div>\n\t\t\t\t<div class=\"team-content\">- 47 Jahre\n- selbst\u00e4ndig\n- Wohnort Gro\u00dfp\u00f6sna <\/div>\n\t\t\t\t\t\t\t<\/div>\n\t\t<\/div>\n\t<\/div>\n<\/div>\n<\/div><\/div><div id=\"pgc-w661cfca5ce8b4-2-3\"  class=\"panel-grid-cell\" ><div id=\"panel-w661cfca5ce8b4-2-3-0\" class=\"so-panel widget widget_themegrill_flash_team tg-widget tg-single-team panel-first-child panel-last-child\" data-index=\"8\" ><div class=\"tg-team-widget tg-team-layout-2\">\n\t<div class=\"team-wrapper\">\n\t\t\t\t<div class=\"team-img\">\n\t\t\t\t\t\t<img decoding=\"async\" src=\"http:\/\/freie-wv-grosspoesna.de\/wp-content\/uploads\/2024\/04\/Marc-Etzold.jpg\" alt=\"Marc Etzold OT St\u00f6rmthal\"\/>\n\t\t<\/div>\n\t\t\t\t<div class=\"team-content-wrapper\">\n\t\t\t<div class=\"team-desc-wrapper\">\n\t\t\t\t<h3 class=\"team-title\">Marc Etzold OT St\u00f6rmthal<\/h3>\n\t\t\t\t<div class=\"team-designation\"><\/div>\n\t\t\t\t<div class=\"team-content\">- 49 Jahre\n- 1 Kind\n- Dipl-Wirtschaftsingenieur<\/div>\n\t\t\t\t\t\t\t<\/div>\n\t\t<\/div>\n\t<\/div>\n<\/div>\n<\/div><\/div><\/div><\/div><\/div><\/div><\/div><\/div><\/div><div id=\"pg-346-2\"  class=\"panel-grid panel-has-style\" ><div class=\"siteorigin-panels-stretch panel-row-style panel-row-style-for-346-2\" id=\"contact\" data-stretch-type=\"full\" ><div id=\"pgc-346-2-0\"  class=\"panel-grid-cell panel-grid-cell-empty\" ><\/div><div id=\"pgc-346-2-1\"  class=\"panel-grid-cell panel-grid-cell-mobile-last\" ><div id=\"panel-346-2-1-0\" class=\"so-panel widget widget_themegrill_flash_heading tg-widget section-title-wrapper panel-first-child\" data-index=\"4\" >\t<h3 class=\"section-title\">Unser Programm<\/h3>\n<\/div><div id=\"panel-346-2-1-1\" class=\"so-panel widget widget_text panel-last-child\" data-index=\"5\" >\t\t\t<div class=\"textwidget\"><p><a href=\"http:\/\/freie-wv-grosspoesna.de\/wp-content\/uploads\/2024\/04\/ProgrammFW.pdf\"><strong>Unser Programm<\/strong><\/a> als PDF zum Download<\/p>\n<\/div>\n\t\t<\/div><\/div><div id=\"pgc-346-2-2\"  class=\"panel-grid-cell panel-grid-cell-empty\" ><\/div><\/div><\/div><div id=\"pg-346-3\"  class=\"panel-grid panel-has-style\" ><div class=\"siteorigin-panels-stretch panel-row-style panel-row-style-for-346-3\" id=\"contact\" data-stretch-type=\"full\" ><div id=\"pgc-346-3-0\"  class=\"panel-grid-cell panel-grid-cell-empty\" ><\/div><div id=\"pgc-346-3-1\"  class=\"panel-grid-cell panel-grid-cell-mobile-last\" ><div id=\"panel-346-3-1-0\" class=\"so-panel widget widget_themegrill_flash_heading tg-widget section-title-wrapper panel-first-child\" data-index=\"6\" >\t<h3 class=\"section-title\">Kontakt<\/h3>\n<\/div><div id=\"panel-346-3-1-1\" class=\"so-panel widget widget_text panel-last-child\" data-index=\"7\" >\t\t\t<div class=\"textwidget\"><p>Hinterlasse uns gern eine Nachricht: <br \/>info@freie-wv-grosspoesna.de<\/p>\n<\/div>\n\t\t<\/div><\/div><div id=\"pgc-346-3-2\"  class=\"panel-grid-cell panel-grid-cell-empty\" ><\/div><\/div><\/div><\/div>","protected":false},"excerpt":{"rendered":"<p>Wir, die Freie W\u00e4hlervereinigung Gro\u00dfp\u00f6sna, m\u00f6chten als parteiunabh\u00e4ngige Vereinigung die Interessen unserer B\u00fcrgerrinnen und B\u00fcrger im Gemeinderat vertreten. Unsere Kandidaten [&hellip;]<\/p>\n","protected":false},"author":1,"featured_media":0,"parent":0,"menu_order":0,"comment_status":"closed","ping_status":"closed","template":"page-templates\/pagebuilder.php","meta":{"footnotes":""},"class_list":["post-346","page","type-page","status-publish","hentry"],"_links":{"self":[{"href":"https:\/\/freie-wv-grosspoesna.de\/index.php?rest_route=\/wp\/v2\/pages\/346","targetHints":{"allow":["GET"]}}],"collection":[{"href":"https:\/\/freie-wv-grosspoesna.de\/index.php?rest_route=\/wp\/v2\/pages"}],"about":[{"href":"https:\/\/freie-wv-grosspoesna.de\/index.php?rest_route=\/wp\/v2\/types\/page"}],"author":[{"embeddable":true,"href":"https:\/\/freie-wv-grosspoesna.de\/index.php?rest_route=\/wp\/v2\/users\/1"}],"replies":[{"embeddable":true,"href":"https:\/\/freie-wv-grosspoesna.de\/index.php?rest_route=%2Fwp%2Fv2%2Fcomments&post=346"}],"version-history":[{"count":53,"href":"https:\/\/freie-wv-grosspoesna.de\/index.php?rest_route=\/wp\/v2\/pages\/346\/revisions"}],"predecessor-version":[{"id":434,"href":"https:\/\/freie-wv-grosspoesna.de\/index.php?rest_route=\/wp\/v2\/pages\/346\/revisions\/434"}],"wp:attachment":[{"href":"https:\/\/freie-wv-grosspoesna.de\/index.php?rest_route=%2Fwp%2Fv2%2Fmedia&parent=346"}],"curies":[{"name":"wp","href":"https:\/\/api.w.org\/{rel}","templated":true}]}}